{"id":800,"date":"2022-05-10T03:43:53","date_gmt":"2022-05-10T03:43:53","guid":{"rendered":"https:\/\/digitaliced.com\/?page_id=800"},"modified":"2022-05-15T16:45:53","modified_gmt":"2022-05-15T16:45:53","slug":"contactanos","status":"publish","type":"page","link":"https:\/\/digitaliced.com\/en\/contactanos\/","title":{"rendered":"contact us"},"content":{"rendered":"<div data-elementor-type=\"wp-page\" data-elementor-id=\"800\" class=\"elementor elementor-800\">\n\t\t\t\t\t\t<section class=\"elementor-section elementor-top-section elementor-element elementor-element-4436993e elementor-section-boxed elementor-section-height-default elementor-section-height-default\" data-id=\"4436993e\" data-element_type=\"section\">\n\t\t\t\t\t\t\t<div class=\"elementor-background-overlay\"><\/div>\n\t\t\t\t\t\t\t<div class=\"elementor-container elementor-column-gap-default\">\n\t\t\t\t\t<div class=\"elementor-column elementor-col-100 elementor-top-column elementor-element elementor-element-3212f681\" data-id=\"3212f681\" data-element_type=\"column\">\n\t\t\t<div class=\"elementor-widget-wrap elementor-element-populated\">\n\t\t\t\t\t\t<div class=\"elementor-element elementor-element-648970cc elementor-widget-divider--view-line elementor-widget elementor-widget-divider\" data-id=\"648970cc\" data-element_type=\"widget\" data-widget_type=\"divider.default\">\n\t\t\t\t<div class=\"elementor-widget-container\">\n\t\t\t\t\t\t\t<div class=\"elementor-divider\">\n\t\t\t<span class=\"elementor-divider-separator\">\n\t\t\t\t\t\t<\/span>\n\t\t<\/div>\n\t\t\t\t\t\t<\/div>\n\t\t\t\t<\/div>\n\t\t\t\t\t<\/div>\n\t\t<\/div>\n\t\t\t\t\t<\/div>\n\t\t<\/section>\n\t\t\t\t<section class=\"elementor-section elementor-top-section elementor-element elementor-element-627ca62b elementor-section-full_width elementor-section-height-default elementor-section-height-default\" data-id=\"627ca62b\" data-element_type=\"section\" data-settings=\"{&quot;background_background&quot;:&quot;classic&quot;}\">\n\t\t\t\t\t\t<div class=\"elementor-container elementor-column-gap-default\">\n\t\t\t\t\t<div class=\"elementor-column elementor-col-100 elementor-top-column elementor-element elementor-element-2a812d34\" data-id=\"2a812d34\" data-element_type=\"column\" data-settings=\"{&quot;background_background&quot;:&quot;classic&quot;}\">\n\t\t\t<div class=\"elementor-widget-wrap elementor-element-populated\">\n\t\t\t\t\t\t<div class=\"elementor-element elementor-element-1f4aa189 elementor-widget elementor-widget-heading\" data-id=\"1f4aa189\" data-element_type=\"widget\" data-widget_type=\"heading.default\">\n\t\t\t\t<div class=\"elementor-widget-container\">\n\t\t\t\t\t<h2 class=\"elementor-heading-title elementor-size-default\"><b><u>CONTACT US<\/u><\/b><\/h2>\t\t\t\t<\/div>\n\t\t\t\t<\/div>\n\t\t\t\t<div class=\"elementor-element elementor-element-67d72c3 elementor-widget elementor-widget-heading\" data-id=\"67d72c3\" data-element_type=\"widget\" data-widget_type=\"heading.default\">\n\t\t\t\t<div class=\"elementor-widget-container\">\n\t\t\t\t\t<p class=\"elementor-heading-title elementor-size-default\">Send us your comments or questions and we will contact you soon to help you with your Web Pages, Apps, Branding or Marketing project.<\/p>\t\t\t\t<\/div>\n\t\t\t\t<\/div>\n\t\t\t\t<section class=\"elementor-section elementor-inner-section elementor-element elementor-element-687f4e4f elementor-section-boxed elementor-section-height-default elementor-section-height-default\" data-id=\"687f4e4f\" data-element_type=\"section\">\n\t\t\t\t\t\t<div class=\"elementor-container elementor-column-gap-extended\">\n\t\t\t\t\t<div class=\"elementor-column elementor-col-50 elementor-inner-column elementor-element elementor-element-34d3c1c8\" data-id=\"34d3c1c8\" data-element_type=\"column\">\n\t\t\t<div class=\"elementor-widget-wrap elementor-element-populated\">\n\t\t\t\t\t\t<div class=\"elementor-element elementor-element-465c5e5f elementor-widget elementor-widget-heading\" data-id=\"465c5e5f\" data-element_type=\"widget\" data-widget_type=\"heading.default\">\n\t\t\t\t<div class=\"elementor-widget-container\">\n\t\t\t\t\t<h3 class=\"elementor-heading-title elementor-size-default\">Tell us your ideas, we make them come true!<\/h3>\t\t\t\t<\/div>\n\t\t\t\t<\/div>\n\t\t\t\t<div class=\"elementor-element elementor-element-3a23ac4 elementor-button-align-stretch elementor-widget elementor-widget-form\" data-id=\"3a23ac4\" data-element_type=\"widget\" data-settings=\"{&quot;step_next_label&quot;:&quot;Siguiente&quot;,&quot;step_previous_label&quot;:&quot;Anterior&quot;,&quot;button_width&quot;:&quot;100&quot;,&quot;step_type&quot;:&quot;number_text&quot;,&quot;step_icon_shape&quot;:&quot;circle&quot;}\" data-widget_type=\"form.default\">\n\t\t\t\t<div class=\"elementor-widget-container\">\n\t\t\t\t\t\t\t<form class=\"elementor-form\" method=\"post\" name=\"New Form\" action=\"\">\n\t\t\t<input type=\"hidden\" name=\"post_id\" value=\"800\"\/>\n\t\t\t<input type=\"hidden\" name=\"form_id\" value=\"3a23ac4\"\/>\n\t\t\t<input type=\"hidden\" name=\"referer_title\" value=\"Digitaliced\" \/>\n\n\t\t\t\n\t\t\t<div class=\"elementor-form-fields-wrapper elementor-labels-above\">\n\t\t\t\t\t\t\t\t<div class=\"elementor-field-type-text elementor-field-group elementor-column elementor-field-group-name elementor-col-100 elementor-sm-50 elementor-field-required elementor-mark-required\">\n\t\t\t\t\t\t\t\t\t\t\t\t\t<input size=\"1\" type=\"text\" name=\"form_fields[name]\" id=\"form-field-name\" class=\"elementor-field elementor-size-xs  elementor-field-textual\" placeholder=\"Name\" required=\"required\" aria-required=\"true\">\n\t\t\t\t\t\t\t\t\t\t\t<\/div>\n\t\t\t\t\t\t\t\t<div class=\"elementor-field-type-email elementor-field-group elementor-column elementor-field-group-email elementor-col-100 elementor-sm-50 elementor-field-required elementor-mark-required\">\n\t\t\t\t\t\t\t\t\t\t\t\t\t<input size=\"1\" type=\"email\" name=\"form_fields[email]\" id=\"form-field-email\" class=\"elementor-field elementor-size-xs  elementor-field-textual\" placeholder=\"E-mail\" required=\"required\" aria-required=\"true\">\n\t\t\t\t\t\t\t\t\t\t\t<\/div>\n\t\t\t\t\t\t\t\t<div class=\"elementor-field-type-tel elementor-field-group elementor-column elementor-field-group-field_b38dbf8 elementor-col-50 elementor-sm-50\">\n\t\t\t\t\t\t\t<input size=\"1\" type=\"tel\" name=\"form_fields[field_b38dbf8]\" id=\"form-field-field_b38dbf8\" class=\"elementor-field elementor-size-xs  elementor-field-textual\" placeholder=\"Telephone\" pattern=\"[0-9()#&amp;+*-=.]+\" title=\"Only numbers and phone characters (#, -, *, etc) are accepted.\">\n\n\t\t\t\t\t\t<\/div>\n\t\t\t\t\t\t\t\t<div class=\"elementor-field-type-text elementor-field-group elementor-column elementor-field-group-field_beba2ca elementor-col-50 elementor-sm-50\">\n\t\t\t\t\t\t\t\t\t\t\t\t\t<input size=\"1\" type=\"text\" name=\"form_fields[field_beba2ca]\" id=\"form-field-field_beba2ca\" class=\"elementor-field elementor-size-xs  elementor-field-textual\" placeholder=\"Business\">\n\t\t\t\t\t\t\t\t\t\t\t<\/div>\n\t\t\t\t\t\t\t\t<div class=\"elementor-field-type-select elementor-field-group elementor-column elementor-field-group-field_08c90a0 elementor-col-100 elementor-field-required elementor-mark-required\">\n\t\t\t\t\t\t\t<div class=\"elementor-field elementor-select-wrapper\">\n\t\t\t<select name=\"form_fields[field_08c90a0]\" id=\"form-field-field_08c90a0\" class=\"elementor-field-textual elementor-size-xs\" required=\"required\" aria-required=\"true\">\n\t\t\t\t\t\t\t\t\t<option value=\"Servicios de inter\u00e9s\">Services of interest<\/option>\n\t\t\t\t\t\t\t\t\t<option value=\"Desarrollo Web \">Web development <\/option>\n\t\t\t\t\t\t\t\t\t<option value=\"Desarrollo Tienda Online\">Online Store Development<\/option>\n\t\t\t\t\t\t\t\t\t<option value=\"Marketing Digital\">Digital marketing<\/option>\n\t\t\t\t\t\t\t\t\t<option value=\"Posicionamiento SEO\">SEO positioning<\/option>\n\t\t\t\t\t\t\t\t\t<option value=\"Campa\u00f1as Ads\">Ad Campaigns<\/option>\n\t\t\t\t\t\t\t<\/select>\n\t\t<\/div>\n\t\t\t\t\t\t<\/div>\n\t\t\t\t\t\t\t\t<div class=\"elementor-field-type-textarea elementor-field-group elementor-column elementor-field-group-message elementor-col-100\">\n\t\t\t\t\t<textarea class=\"elementor-field-textual elementor-field  elementor-size-xs\" name=\"form_fields[message]\" id=\"form-field-message\" rows=\"2\" placeholder=\"Message\"><\/textarea>\t\t\t\t<\/div>\n\t\t\t\t\t\t\t\t<div class=\"elementor-field-type-acceptance elementor-field-group elementor-column elementor-field-group-field_45a35b4 elementor-col-100 elementor-field-required elementor-mark-required\">\n\t\t\t\t\t\t\t<div class=\"elementor-field-subgroup\">\n\t\t\t<span class=\"elementor-field-option\">\n\t\t\t\t<input type=\"checkbox\" name=\"form_fields[field_45a35b4]\" id=\"form-field-field_45a35b4\" class=\"elementor-field elementor-size-xs  elementor-acceptance-field\" required=\"required\" aria-required=\"true\">\n\t\t\t\t<label for=\"form-field-field_45a35b4\">I authorize them to contact me and add me to their databases according to the personal data processing policies of Dsberg SAS<\/label>\t\t\t<\/span>\n\t\t<\/div>\n\t\t\t\t\t\t<\/div>\n\t\t\t\t\t\t\t\t<div class=\"elementor-field-group elementor-column elementor-field-type-submit elementor-col-100 e-form__buttons\">\n\t\t\t\t\t<button type=\"submit\" class=\"elementor-button elementor-size-sm\">\n\t\t\t\t\t\t<span >\n\t\t\t\t\t\t\t\t\t\t\t\t\t\t\t<span class=\"elementor-button-icon\">\n\t\t\t\t\t\t\t\t\t\t\t\t\t\t\t\t\t\t\t\t\t\t\t\t\t\t<\/span>\n\t\t\t\t\t\t\t\t\t\t\t\t\t\t\t\t\t\t\t\t\t\t<span class=\"elementor-button-text\">Send <\/span>\n\t\t\t\t\t\t\t\t\t\t\t\t\t<\/span>\n\t\t\t\t\t<\/button>\n\t\t\t\t<\/div>\n\t\t\t<\/div>\n\t\t<input type=\"hidden\" name=\"trp-form-language\" value=\"en\"\/><\/form>\n\t\t\t\t\t\t<\/div>\n\t\t\t\t<\/div>\n\t\t\t\t\t<\/div>\n\t\t<\/div>\n\t\t\t\t<div class=\"elementor-column elementor-col-50 elementor-inner-column elementor-element elementor-element-1fcb10d\" data-id=\"1fcb10d\" data-element_type=\"column\">\n\t\t\t<div class=\"elementor-widget-wrap elementor-element-populated\">\n\t\t\t\t\t\t<div class=\"elementor-element elementor-element-5535420 elementor-widget elementor-widget-heading\" data-id=\"5535420\" data-element_type=\"widget\" data-widget_type=\"heading.default\">\n\t\t\t\t<div class=\"elementor-widget-container\">\n\t\t\t\t\t<h3 class=\"elementor-heading-title elementor-size-default\">You can also find us at:<\/h3>\t\t\t\t<\/div>\n\t\t\t\t<\/div>\n\t\t\t\t<div class=\"elementor-element elementor-element-d385d7a elementor-widget elementor-widget-image\" data-id=\"d385d7a\" data-element_type=\"widget\" data-widget_type=\"image.default\">\n\t\t\t\t<div class=\"elementor-widget-container\">\n\t\t\t\t\t\t\t\t\t\t\t\t\t\t\t<img fetchpriority=\"high\" decoding=\"async\" width=\"1920\" height=\"425\" src=\"https:\/\/digitaliced.com\/wp-content\/uploads\/2022\/05\/prueba-final-1.png\" class=\"attachment-full size-full wp-image-33\" alt=\"\" srcset=\"https:\/\/digitaliced.com\/wp-content\/uploads\/2022\/05\/prueba-final-1.png 1920w, https:\/\/digitaliced.com\/wp-content\/uploads\/2022\/05\/prueba-final-1-600x133.png 600w, https:\/\/digitaliced.com\/wp-content\/uploads\/2022\/05\/prueba-final-1-300x66.png 300w, https:\/\/digitaliced.com\/wp-content\/uploads\/2022\/05\/prueba-final-1-1024x227.png 1024w, https:\/\/digitaliced.com\/wp-content\/uploads\/2022\/05\/prueba-final-1-768x170.png 768w, https:\/\/digitaliced.com\/wp-content\/uploads\/2022\/05\/prueba-final-1-1536x340.png 1536w, https:\/\/digitaliced.com\/wp-content\/uploads\/2022\/05\/prueba-final-1-200x44.png 200w\" sizes=\"(max-width: 1920px) 100vw, 1920px\" \/>\t\t\t\t\t\t\t\t\t\t\t\t\t\t\t<\/div>\n\t\t\t\t<\/div>\n\t\t\t\t<div class=\"elementor-element elementor-element-6409005 elementor-icon-list--layout-traditional elementor-list-item-link-full_width elementor-widget elementor-widget-icon-list\" data-id=\"6409005\" data-element_type=\"widget\" data-widget_type=\"icon-list.default\">\n\t\t\t\t<div class=\"elementor-widget-container\">\n\t\t\t\t\t\t\t<ul class=\"elementor-icon-list-items\">\n\t\t\t\t\t\t\t<li class=\"elementor-icon-list-item\">\n\t\t\t\t\t\t\t\t\t\t\t<span class=\"elementor-icon-list-icon\">\n\t\t\t\t\t\t\t<i aria-hidden=\"true\" class=\"fas fa-phone\"><\/i>\t\t\t\t\t\t<\/span>\n\t\t\t\t\t\t\t\t\t\t<span class=\"elementor-icon-list-text\">Telephone: +57 3166232457<\/span>\n\t\t\t\t\t\t\t\t\t<\/li>\n\t\t\t\t\t\t\t\t<li class=\"elementor-icon-list-item\">\n\t\t\t\t\t\t\t\t\t\t\t<span class=\"elementor-icon-list-icon\">\n\t\t\t\t\t\t\t<i aria-hidden=\"true\" class=\"far fa-envelope\"><\/i>\t\t\t\t\t\t<\/span>\n\t\t\t\t\t\t\t\t\t\t<span class=\"elementor-icon-list-text\"> Email: sales@digitaliced.com<\/span>\n\t\t\t\t\t\t\t\t\t<\/li>\n\t\t\t\t\t\t\t\t<li class=\"elementor-icon-list-item\">\n\t\t\t\t\t\t\t\t\t\t\t<span class=\"elementor-icon-list-icon\">\n\t\t\t\t\t\t\t<i aria-hidden=\"true\" class=\"fas fa-location-arrow\"><\/i>\t\t\t\t\t\t<\/span>\n\t\t\t\t\t\t\t\t\t\t<span class=\"elementor-icon-list-text\"> Address: Niza Boulevard Shopping Center Office 198<\/span>\n\t\t\t\t\t\t\t\t\t<\/li>\n\t\t\t\t\t\t<\/ul>\n\t\t\t\t\t\t<\/div>\n\t\t\t\t<\/div>\n\t\t\t\t\t<\/div>\n\t\t<\/div>\n\t\t\t\t\t<\/div>\n\t\t<\/section>\n\t\t\t\t\t<\/div>\n\t\t<\/div>\n\t\t\t\t\t<\/div>\n\t\t<\/section>\n\t\t\t\t<\/div>","protected":false},"excerpt":{"rendered":"<p>CONTACT US Send us your comments or questions and we will contact you soon to help you with your Web Pages, Apps, Branding or Marketing project. Tell us your ideas, we make them come true! You can also find us at: Phone: +57 3166232457 Email: ventas@digitaliced.com Address: Bulevar Niza Shopping Center Office 198<\/p>","protected":false},"author":1,"featured_media":0,"parent":0,"menu_order":0,"comment_status":"closed","ping_status":"closed","template":"","meta":{"site-sidebar-layout":"no-sidebar","site-content-layout":"page-builder","ast-global-header-display":"","ast-main-header-display":"","ast-hfb-above-header-display":"","ast-hfb-below-header-display":"","ast-hfb-mobile-header-display":"","site-post-title":"disabled","ast-breadcrumbs-content":"","ast-featured-img":"disabled","footer-sml-layout":"","theme-transparent-header-meta":"","adv-header-id-meta":"","stick-header-meta":"","header-above-stick-meta":"","header-main-stick-meta":"","header-below-stick-meta":"","footnotes":""},"class_list":["post-800","page","type-page","status-publish","hentry"],"yoast_head":"<!-- This site is optimized with the Yoast SEO plugin v26.4 - https:\/\/yoast.com\/wordpress\/plugins\/seo\/ -->\n<title>Cont\u00e1ctanos - Digitaliced<\/title>\n<meta name=\"robots\" content=\"index, follow, max-snippet:-1, max-image-preview:large, max-video-preview:-1\" \/>\n<link rel=\"canonical\" href=\"https:\/\/digitaliced.com\/en\/contactanos\/\" \/>\n<meta property=\"og:locale\" content=\"en_US\" \/>\n<meta property=\"og:type\" content=\"article\" \/>\n<meta property=\"og:title\" content=\"Cont\u00e1ctanos - Digitaliced\" \/>\n<meta property=\"og:description\" content=\"CONT\u00c1CTANOS Env\u00edanos tus comentarios o dudas y pronto nos pondremos en contacto contigo para ayudarte con tu proyecto de P\u00e1ginas Web, Apps, Branding o Marketing. \u00a1Com\u00e9ntanos tus ideas, nosotros las hacemos realidad! Tambi\u00e9n nos puedes encontrar en: Tel\u00e9fono: +57 3166232457 Email: ventas@digitaliced.com Direcci\u00f3n: Centro Comercial Bulevar Niza Oficina 198\" \/>\n<meta property=\"og:url\" content=\"https:\/\/digitaliced.com\/en\/contactanos\/\" \/>\n<meta property=\"og:site_name\" content=\"Digitaliced\" \/>\n<meta property=\"article:modified_time\" content=\"2022-05-15T16:45:53+00:00\" \/>\n<meta property=\"og:image\" content=\"https:\/\/digitaliced.com\/wp-content\/uploads\/2022\/05\/prueba-final-1.png\" \/>\n<meta name=\"twitter:card\" content=\"summary_large_image\" \/>\n<meta name=\"twitter:label1\" content=\"Est. reading time\" \/>\n\t<meta name=\"twitter:data1\" content=\"1 minute\" \/>\n<script type=\"application\/ld+json\" class=\"yoast-schema-graph\">{\"@context\":\"https:\/\/schema.org\",\"@graph\":[{\"@type\":\"WebPage\",\"@id\":\"https:\/\/digitaliced.com\/contactanos\/\",\"url\":\"https:\/\/digitaliced.com\/contactanos\/\",\"name\":\"Cont\u00e1ctanos - Digitaliced\",\"isPartOf\":{\"@id\":\"https:\/\/digitaliced.com\/#website\"},\"primaryImageOfPage\":{\"@id\":\"https:\/\/digitaliced.com\/contactanos\/#primaryimage\"},\"image\":{\"@id\":\"https:\/\/digitaliced.com\/contactanos\/#primaryimage\"},\"thumbnailUrl\":\"https:\/\/digitaliced.com\/wp-content\/uploads\/2022\/05\/prueba-final-1.png\",\"datePublished\":\"2022-05-10T03:43:53+00:00\",\"dateModified\":\"2022-05-15T16:45:53+00:00\",\"breadcrumb\":{\"@id\":\"https:\/\/digitaliced.com\/contactanos\/#breadcrumb\"},\"inLanguage\":\"en-US\",\"potentialAction\":[{\"@type\":\"ReadAction\",\"target\":[\"https:\/\/digitaliced.com\/contactanos\/\"]}]},{\"@type\":\"ImageObject\",\"inLanguage\":\"en-US\",\"@id\":\"https:\/\/digitaliced.com\/contactanos\/#primaryimage\",\"url\":\"https:\/\/digitaliced.com\/wp-content\/uploads\/2022\/05\/prueba-final-1.png\",\"contentUrl\":\"https:\/\/digitaliced.com\/wp-content\/uploads\/2022\/05\/prueba-final-1.png\"},{\"@type\":\"BreadcrumbList\",\"@id\":\"https:\/\/digitaliced.com\/contactanos\/#breadcrumb\",\"itemListElement\":[{\"@type\":\"ListItem\",\"position\":1,\"name\":\"Portada\",\"item\":\"https:\/\/digitaliced.com\/\"},{\"@type\":\"ListItem\",\"position\":2,\"name\":\"Cont\u00e1ctanos\"}]},{\"@type\":\"WebSite\",\"@id\":\"https:\/\/digitaliced.com\/#website\",\"url\":\"https:\/\/digitaliced.com\/\",\"name\":\"Digitaliced\",\"description\":\"Soluciones Digitales\",\"publisher\":{\"@id\":\"https:\/\/digitaliced.com\/#organization\"},\"potentialAction\":[{\"@type\":\"SearchAction\",\"target\":{\"@type\":\"EntryPoint\",\"urlTemplate\":\"https:\/\/digitaliced.com\/?s={search_term_string}\"},\"query-input\":{\"@type\":\"PropertyValueSpecification\",\"valueRequired\":true,\"valueName\":\"search_term_string\"}}],\"inLanguage\":\"en-US\"},{\"@type\":\"Organization\",\"@id\":\"https:\/\/digitaliced.com\/#organization\",\"name\":\"Digitaliced\",\"url\":\"https:\/\/digitaliced.com\/\",\"logo\":{\"@type\":\"ImageObject\",\"inLanguage\":\"en-US\",\"@id\":\"https:\/\/digitaliced.com\/#\/schema\/logo\/image\/\",\"url\":\"https:\/\/digitaliced.com\/wp-content\/uploads\/2022\/05\/logo-final-blanco-1.png\",\"contentUrl\":\"https:\/\/digitaliced.com\/wp-content\/uploads\/2022\/05\/logo-final-blanco-1.png\",\"width\":1920,\"height\":425,\"caption\":\"Digitaliced\"},\"image\":{\"@id\":\"https:\/\/digitaliced.com\/#\/schema\/logo\/image\/\"}}]}<\/script>\n<!-- \/ Yoast SEO plugin. -->","yoast_head_json":{"title":"Cont\u00e1ctanos - Digitaliced","robots":{"index":"index","follow":"follow","max-snippet":"max-snippet:-1","max-image-preview":"max-image-preview:large","max-video-preview":"max-video-preview:-1"},"canonical":"https:\/\/digitaliced.com\/en\/contactanos\/","og_locale":"en_US","og_type":"article","og_title":"Cont\u00e1ctanos - Digitaliced","og_description":"CONT\u00c1CTANOS Env\u00edanos tus comentarios o dudas y pronto nos pondremos en contacto contigo para ayudarte con tu proyecto de P\u00e1ginas Web, Apps, Branding o Marketing. \u00a1Com\u00e9ntanos tus ideas, nosotros las hacemos realidad! Tambi\u00e9n nos puedes encontrar en: Tel\u00e9fono: +57 3166232457 Email: ventas@digitaliced.com Direcci\u00f3n: Centro Comercial Bulevar Niza Oficina 198","og_url":"https:\/\/digitaliced.com\/en\/contactanos\/","og_site_name":"Digitaliced","article_modified_time":"2022-05-15T16:45:53+00:00","og_image":[{"url":"https:\/\/digitaliced.com\/wp-content\/uploads\/2022\/05\/prueba-final-1.png","type":"","width":"","height":""}],"twitter_card":"summary_large_image","twitter_misc":{"Est. reading time":"1 minute"},"schema":{"@context":"https:\/\/schema.org","@graph":[{"@type":"WebPage","@id":"https:\/\/digitaliced.com\/contactanos\/","url":"https:\/\/digitaliced.com\/contactanos\/","name":"Cont\u00e1ctanos - Digitaliced","isPartOf":{"@id":"https:\/\/digitaliced.com\/#website"},"primaryImageOfPage":{"@id":"https:\/\/digitaliced.com\/contactanos\/#primaryimage"},"image":{"@id":"https:\/\/digitaliced.com\/contactanos\/#primaryimage"},"thumbnailUrl":"https:\/\/digitaliced.com\/wp-content\/uploads\/2022\/05\/prueba-final-1.png","datePublished":"2022-05-10T03:43:53+00:00","dateModified":"2022-05-15T16:45:53+00:00","breadcrumb":{"@id":"https:\/\/digitaliced.com\/contactanos\/#breadcrumb"},"inLanguage":"en-US","potentialAction":[{"@type":"ReadAction","target":["https:\/\/digitaliced.com\/contactanos\/"]}]},{"@type":"ImageObject","inLanguage":"en-US","@id":"https:\/\/digitaliced.com\/contactanos\/#primaryimage","url":"https:\/\/digitaliced.com\/wp-content\/uploads\/2022\/05\/prueba-final-1.png","contentUrl":"https:\/\/digitaliced.com\/wp-content\/uploads\/2022\/05\/prueba-final-1.png"},{"@type":"BreadcrumbList","@id":"https:\/\/digitaliced.com\/contactanos\/#breadcrumb","itemListElement":[{"@type":"ListItem","position":1,"name":"Portada","item":"https:\/\/digitaliced.com\/"},{"@type":"ListItem","position":2,"name":"Cont\u00e1ctanos"}]},{"@type":"WebSite","@id":"https:\/\/digitaliced.com\/#website","url":"https:\/\/digitaliced.com\/","name":"Digitized","description":"Soluciones Digitales","publisher":{"@id":"https:\/\/digitaliced.com\/#organization"},"potentialAction":[{"@type":"SearchAction","target":{"@type":"EntryPoint","urlTemplate":"https:\/\/digitaliced.com\/?s={search_term_string}"},"query-input":{"@type":"PropertyValueSpecification","valueRequired":true,"valueName":"search_term_string"}}],"inLanguage":"en-US"},{"@type":"Organization","@id":"https:\/\/digitaliced.com\/#organization","name":"Digitized","url":"https:\/\/digitaliced.com\/","logo":{"@type":"ImageObject","inLanguage":"en-US","@id":"https:\/\/digitaliced.com\/#\/schema\/logo\/image\/","url":"https:\/\/digitaliced.com\/wp-content\/uploads\/2022\/05\/logo-final-blanco-1.png","contentUrl":"https:\/\/digitaliced.com\/wp-content\/uploads\/2022\/05\/logo-final-blanco-1.png","width":1920,"height":425,"caption":"Digitaliced"},"image":{"@id":"https:\/\/digitaliced.com\/#\/schema\/logo\/image\/"}}]}},"_links":{"self":[{"href":"https:\/\/digitaliced.com\/en\/wp-json\/wp\/v2\/pages\/800","targetHints":{"allow":["GET"]}}],"collection":[{"href":"https:\/\/digitaliced.com\/en\/wp-json\/wp\/v2\/pages"}],"about":[{"href":"https:\/\/digitaliced.com\/en\/wp-json\/wp\/v2\/types\/page"}],"author":[{"embeddable":true,"href":"https:\/\/digitaliced.com\/en\/wp-json\/wp\/v2\/users\/1"}],"replies":[{"embeddable":true,"href":"https:\/\/digitaliced.com\/en\/wp-json\/wp\/v2\/comments?post=800"}],"version-history":[{"count":64,"href":"https:\/\/digitaliced.com\/en\/wp-json\/wp\/v2\/pages\/800\/revisions"}],"predecessor-version":[{"id":1622,"href":"https:\/\/digitaliced.com\/en\/wp-json\/wp\/v2\/pages\/800\/revisions\/1622"}],"wp:attachment":[{"href":"https:\/\/digitaliced.com\/en\/wp-json\/wp\/v2\/media?parent=800"}],"curies":[{"name":"wp","href":"https:\/\/api.w.org\/{rel}","templated":true}]}}